{"id":17,"date":"2025-07-15T16:06:32","date_gmt":"2025-07-15T16:06:32","guid":{"rendered":"https:\/\/phuvinhautovn.com\/?page_id=17"},"modified":"2025-07-17T10:36:15","modified_gmt":"2025-07-17T10:36:15","slug":"trang-chu","status":"publish","type":"page","link":"https:\/\/phuvinhautovn.com\/","title":{"rendered":"Trang ch\u1ee7"},"content":{"rendered":"\n<div class=\"wp-block-cover alignfull is-light\" style=\"min-height:720px;aspect-ratio:unset;\"><span aria-hidden=\"true\" class=\"wp-block-cover__background has-background-dim-100 has-background-dim has-background-gradient\" style=\"background:linear-gradient(35deg,rgb(6,0,151) 0%,rgb(130,4,255) 73%,rgb(193,15,255) 100%)\"><\/span><div class=\"wp-block-cover__inner-container is-layout-flow wp-block-cover-is-layout-flow\">\n<div class=\"inherit-container-width wp-block-group alignwide is-layout-constrained wp-block-group-is-layout-constrained\">\n<div class=\"wp-block-media-text alignwide has-media-on-the-right is-stacked-on-mobile is-vertically-aligned-center\" style=\"grid-template-columns:auto 43%\"><div class=\"wp-block-media-text__content\">\n<h1 class=\"wp-block-heading has-text-align-left has-white-color has-text-color\">PH\u00da VINH AUTO<\/h1>\n\n\n\n<p class=\"has-white-color has-text-color\">\u0110\u01a1n v\u1ecb chuy\u00ean s\u1ea3n xu\u1ea5t v\u00e0 cung c\u1ea5p s\u1ec9 l\u1ebb ph\u1ee5 ki\u00ean \u00f4 t\u00f4 to\u00e0n qu\u1ed1c. V\u1edbi nhi\u1ec1u n\u0103m kinh nghi\u1ec7m trong ngh\u00e0nh s\u1ea3n xu\u1ea5t c\u0169ng nh\u01b0 bu\u00f4n b\u00e1n s\u1ec9 l\u1ebb to\u00e0n qu\u1ed1c, ch\u00fang t\u00f4i t\u1ef1 tin l\u00e0 m\u1ed9t trong nh\u1eefng \u0111\u01a1n v\u1ecb h\u00e0ng \u0111\u1ea7u, mang l\u1ea1i nh\u1eefng s\u1ea3n ph\u1ea9m t\u1ed1t nh\u1ea5t v\u1edbi gi\u00e1 th\u00e0nh h\u1ee3p l\u00ed nh\u1ea5t \u0111\u1ebfn tay kh\u00e1ch h\u00e0ng.<\/p>\n\n\n\n<div class=\"wp-block-buttons is-layout-flex wp-block-buttons-is-layout-flex\">\n<div class=\"wp-block-button\"><a class=\"wp-block-button__link wp-element-button\" href=\"#\">Hotline: 082.7997.333<\/a><\/div>\n<\/div>\n<\/div><figure class=\"wp-block-media-text__media\"><img decoding=\"async\" src=\"https:\/\/phuvinhautovn.com\/wp-content\/themes\/astra\/inc\/assets\/images\/starter-content\/hero-img.svg\" alt=\"\" class=\"wp-image-118 size-full\"\/><\/figure><\/div>\n<\/div>\n<\/div><\/div>\n\n\n\n<div class=\"wp-block-group alignfull has-ast-global-color-5-background-color has-background is-layout-constrained wp-container-core-group-is-layout-9cedb757 wp-block-group-is-layout-constrained\" style=\"padding-bottom:0px\">\n<div class=\"wp-block-columns are-vertically-aligned-top is-layout-flex wp-container-core-columns-is-layout-00723822 wp-block-columns-is-layout-flex\">\n<div class=\"wp-block-column is-vertically-aligned-top is-layout-flow wp-container-core-column-is-layout-6b73ce23 wp-block-column-is-layout-flow\">\n<figure class=\"wp-block-image size-large\"><img decoding=\"async\" src=\"https:\/\/phuvinhautovn.com\/wp-content\/themes\/astra\/inc\/assets\/images\/starter-content\/building.svg\" alt=\"\" class=\"wp-image-134\"\/><\/figure>\n\n\n\n<h3 class=\"wp-block-heading has-text-align-left\" style=\"margin-top:16px\">Quy m\u00f4 l\u1edbn<\/h3>\n\n\n\n<p class=\"has-text-align-left\">Doanh nghi\u1ec7p c\u00f3 \u0111\u1ea7y \u0111\u1ee7 gi\u1ea5y t\u1edd \u0111\u0103ng k\u00fd ph\u00e1p l\u00fd<\/p>\n<\/div>\n\n\n\n<div class=\"wp-block-column is-vertically-aligned-top is-layout-flow wp-container-core-column-is-layout-6b73ce23 wp-block-column-is-layout-flow\">\n<figure class=\"wp-block-image size-large\"><img decoding=\"async\" src=\"https:\/\/phuvinhautovn.com\/wp-content\/themes\/astra\/inc\/assets\/images\/starter-content\/shopping-bag.svg\" alt=\"\" class=\"wp-image-135\"\/><\/figure>\n\n\n\n<h3 class=\"wp-block-heading has-text-align-left\" style=\"margin-top:16px\">B\u00e1n h\u00e0ng online<\/h3>\n\n\n\n<p class=\"has-text-align-left\">B\u00e1n h\u00e0ng online, ship COD to\u00e0n qu\u1ed1c<\/p>\n<\/div>\n\n\n\n<div class=\"wp-block-column is-vertically-aligned-top is-layout-flow wp-container-core-column-is-layout-6b73ce23 wp-block-column-is-layout-flow\">\n<figure class=\"wp-block-image size-large\"><img decoding=\"async\" src=\"https:\/\/phuvinhautovn.com\/wp-content\/themes\/astra\/inc\/assets\/images\/starter-content\/blog.svg\" alt=\"\" class=\"wp-image-136\"\/><\/figure>\n\n\n\n<h3 class=\"wp-block-heading has-text-align-left\" style=\"margin-top:16px\">H\u1eadu m\u00e3i sau mua<\/h3>\n\n\n\n<p class=\"has-text-align-left\">C\u00f3 ch\u00ednh s\u00e1ng \u0111\u1ed5i tr\u1ea3, b\u1ea3o h\u00e0nh r\u00f5 r\u00e0ng sau mua<\/p>\n<\/div>\n\n\n\n<div class=\"wp-block-column is-vertically-aligned-top is-layout-flow wp-container-core-column-is-layout-6b73ce23 wp-block-column-is-layout-flow\">\n<figure class=\"wp-block-image size-large\"><img decoding=\"async\" src=\"https:\/\/phuvinhautovn.com\/wp-content\/themes\/astra\/inc\/assets\/images\/starter-content\/portfolio.svg\" alt=\"\" class=\"wp-image-137\"\/><\/figure>\n\n\n\n<h3 class=\"wp-block-heading has-text-align-left\" style=\"margin-top:16px\">Cam k\u1ebft ch\u1ea5t l\u01b0\u1ee3ng<\/h3>\n\n\n\n<p class=\"has-text-align-left\">Nh\u00e0 x\u01b0\u1edfng v\u00e0 v\u1eadt li\u1ec7u \u0111\u1ec1u \u0111\u1ea1t chu\u1ea9n ki\u1ec3m \u0111\u1ecbnh c\u1ee7a nh\u00e0 n\u01b0\u1edbc<\/p>\n<\/div>\n<\/div>\n<\/div>\n\n\n\n<div class=\"wp-block-group alignfull is-layout-constrained wp-container-core-group-is-layout-45b0ac4f wp-block-group-is-layout-constrained\" id=\"services\" style=\"padding-top:144px;padding-bottom:0px\">\n<h2 class=\"wp-block-heading\">D\u1ecbch v\u1ee5 c\u1ee7a ch\u00fang t\u00f4i<\/h2>\n\n\n\n<div class=\"wp-block-columns is-layout-flex wp-container-core-columns-is-layout-60cbf9bb wp-block-columns-is-layout-flex\" style=\"margin-top:50px\">\n<div class=\"wp-block-column is-layout-flow wp-container-core-column-is-layout-6b73ce23 wp-block-column-is-layout-flow\">\n<figure class=\"wp-block-image size-full\"><img decoding=\"async\" src=\"https:\/\/phuvinhautovn.com\/wp-content\/themes\/astra\/inc\/assets\/images\/starter-content\/branding.jpg\" alt=\"\" class=\"wp-image-230\"\/><\/figure>\n\n\n\n<h3 class=\"wp-block-heading\" style=\"margin-top:16px\">Ship h\u00e0ng to\u00e0n qu\u1ed1c<\/h3>\n\n\n\n<p>Mi\u1ec5n ph\u00ed ship h\u00e0ng to\u00e0n qu\u1ed1c. Kh\u00e1ch h\u00e0ng nh\u1eadn h\u00e0ng \u0111\u01b0\u1ee3c ki\u1ec3m tra v\u00e0 th\u1eed s\u1ea3n ph\u1ea9m l\u00ean xe tr\u01b0\u1edbc khi thanh to\u00e1n v\u00e0 nh\u1eadn h\u00e0ng<\/p>\n<\/div>\n\n\n\n<div class=\"wp-block-column is-layout-flow wp-container-core-column-is-layout-6b73ce23 wp-block-column-is-layout-flow\">\n<figure class=\"wp-block-image size-full\"><img decoding=\"async\" src=\"https:\/\/phuvinhautovn.com\/wp-content\/themes\/astra\/inc\/assets\/images\/starter-content\/graphic.jpg\" alt=\"\" class=\"wp-image-232\"\/><\/figure>\n\n\n\n<h3 class=\"wp-block-heading\" style=\"margin-top:16px\">B\u1ea3o h\u00e0nh s\u1ea3n ph\u1ea9m<\/h3>\n\n\n\n<p>V\u1edbi ch\u00ednh s\u00e1ch b\u1ea3o h\u00e0nh r\u00f5 r\u00e0nh cho t\u1eebng s\u1ea3n ph\u1ea9m, \u0111\u1ed5i tr\u1ea3 l\u1eadp t\u1ee9c n\u1ebfu c\u00f3 l\u1ed7i ho\u1eb7c kh\u00f4ng \u0111\u00fang nh\u01b0 qu\u1ea3ng c\u00e1o<\/p>\n<\/div>\n\n\n\n<div class=\"wp-block-column is-layout-flow wp-container-core-column-is-layout-6b73ce23 wp-block-column-is-layout-flow\">\n<figure class=\"wp-block-image size-full\"><img decoding=\"async\" src=\"https:\/\/phuvinhautovn.com\/wp-content\/themes\/astra\/inc\/assets\/images\/starter-content\/web.jpg\" alt=\"\" class=\"wp-image-231\"\/><\/figure>\n\n\n\n<h3 class=\"wp-block-heading\" style=\"margin-top:16px\">T\u01b0 v\u1ea5n nhi\u1ec7t t\u00ecnh<\/h3>\n\n\n\n<p>V\u1edbi \u0111\u1ed9i ng\u0169 nh\u00e2n vi\u00ean t\u01b0 v\u1ea5n \u0111\u00f4ng \u0111\u1ea3o, lu\u00f4n s\u1eb5n s\u00e0ng ph\u1ee5c v\u1ee5, t\u01b0 v\u1ea5n v\u00e0 gi\u1ea3i \u0111\u00e1p b\u1ea5t k\u00ec th\u1eafc m\u1eafc n\u00e0o c\u1ee7a qu\u00fd kh\u00e1ch<\/p>\n<\/div>\n<\/div>\n<\/div>\n\n\n\n<div class=\"wp-block-group alignfull has-ast-global-color-5-background-color has-background is-layout-constrained wp-container-core-group-is-layout-94d206d0 wp-block-group-is-layout-constrained\" id=\"about\" style=\"padding-top:143px;padding-bottom:144px\">\n<div class=\"wp-block-media-text has-media-on-the-right is-stacked-on-mobile is-vertically-aligned-center\" style=\"grid-template-columns:auto 43%\"><div class=\"wp-block-media-text__content\">\n<div class=\"inherit-container-width wp-block-group is-layout-constrained wp-container-core-group-is-layout-47ce07ec wp-block-group-is-layout-constrained\" style=\"padding-right:80px\">\n<h2 class=\"wp-block-heading\" style=\"padding-right:40px\">\u0110\u00f4i l\u1eddi gi\u1edbi thi\u1ec7u<\/h2>\n\n\n\n<p><\/p>\n\n\n\n<p><strong>X\u01b0\u1edfng Ph\u00fa Vinh<\/strong> \u0111\u01b0\u1ee3c th\u00e0nh l\u1eadp t\u1eeb n\u0103m 2019 t\u1ea1i Th\u1eafng L\u1ee3i, Th\u01b0\u1eddng T\u00edn, H\u00e0 N\u1ed9i, v\u1edbi s\u1ee9 m\u1ec7nh mang \u0111\u1ebfn nh\u1eefng s\u1ea3n ph\u1ea9m ch\u1ea5t l\u01b0\u1ee3ng cao v\u00e0 gi\u00e1 tr\u1ecb h\u1ee3p l\u00fd nh\u1ea5t cho kh\u00e1ch h\u00e0ng.<\/p>\n\n\n\n<p><\/p>\n<\/div>\n<\/div><figure class=\"wp-block-media-text__media\"><img fetchpriority=\"high\" decoding=\"async\" width=\"1024\" height=\"768\" src=\"https:\/\/phuvinhautovn.com\/wp-content\/uploads\/2025\/07\/345345-1024x768.jpg\" alt=\"\" class=\"wp-image-50 size-full\" srcset=\"https:\/\/phuvinhautovn.com\/wp-content\/uploads\/2025\/07\/345345-1024x768.jpg 1024w, https:\/\/phuvinhautovn.com\/wp-content\/uploads\/2025\/07\/345345-300x225.jpg 300w, https:\/\/phuvinhautovn.com\/wp-content\/uploads\/2025\/07\/345345-768x576.jpg 768w, https:\/\/phuvinhautovn.com\/wp-content\/uploads\/2025\/07\/345345-1536x1152.jpg 1536w, https:\/\/phuvinhautovn.com\/wp-content\/uploads\/2025\/07\/345345-2048x1536.jpg 2048w\" sizes=\"(max-width: 1024px) 100vw, 1024px\" \/><\/figure><\/div>\n\n\n\n<div class=\"wp-block-media-text has-media-on-the-right is-stacked-on-mobile is-vertically-aligned-center\" style=\"grid-template-columns:auto 43%\"><div class=\"wp-block-media-text__content\">\n<div class=\"inherit-container-width wp-block-group is-layout-constrained wp-container-core-group-is-layout-47ce07ec wp-block-group-is-layout-constrained\" style=\"padding-right:80px\">\n<p>Ch\u00fang t\u00f4i lu\u00f4n n\u1ed7 l\u1ef1c kh\u00f4ng ng\u1eebng, ph\u00e1t tri\u1ec3n t\u1eebng ng\u00e0y \u0111\u1ec3 \u0111\u00e1p \u1ee9ng k\u1ef3 v\u1ecdng c\u1ee7a kh\u00e1ch h\u00e0ng. V\u1edbi m\u1ee5c ti\u00eau ph\u00e1t tri\u1ec3n b\u1ec1n v\u1eefng trong t\u01b0\u01a1ng lai, n\u0103m 2024, <strong>X\u01b0\u1edfng Ph\u00fa Vinh<\/strong> \u0111\u00e3 m\u1edf r\u1ed9ng quy m\u00f4 s\u1ea3n xu\u1ea5t v\u1edbi m\u1ed9t nh\u00e0 x\u01b0\u1edfng m\u1edbi, hi\u1ec7n \u0111\u1ea1i v\u00e0 r\u1ed9ng r\u00e3i t\u1ea1i <strong>Ninh Kh\u00e1nh, Th\u00e0nh ph\u1ed1 Ninh B\u00ecnh<\/strong>, <strong>t\u1ec9nh Ninh B\u00ecnh<\/strong>.<\/p>\n<\/div>\n<\/div><figure class=\"wp-block-media-text__media\"><img decoding=\"async\" width=\"960\" height=\"967\" src=\"https:\/\/phuvinhautovn.com\/wp-content\/uploads\/2025\/07\/xuongdone1-2.jpg\" alt=\"\" class=\"wp-image-55 size-full\" srcset=\"https:\/\/phuvinhautovn.com\/wp-content\/uploads\/2025\/07\/xuongdone1-2.jpg 960w, https:\/\/phuvinhautovn.com\/wp-content\/uploads\/2025\/07\/xuongdone1-2-298x300.jpg 298w, https:\/\/phuvinhautovn.com\/wp-content\/uploads\/2025\/07\/xuongdone1-2-150x150.jpg 150w, https:\/\/phuvinhautovn.com\/wp-content\/uploads\/2025\/07\/xuongdone1-2-768x774.jpg 768w\" sizes=\"(max-width: 960px) 100vw, 960px\" \/><\/figure><\/div>\n\n\n\n<div class=\"wp-block-media-text has-media-on-the-right is-stacked-on-mobile is-vertically-aligned-center\" style=\"grid-template-columns:auto 43%\"><div class=\"wp-block-media-text__content\">\n<div class=\"inherit-container-width wp-block-group is-layout-constrained wp-container-core-group-is-layout-47ce07ec wp-block-group-is-layout-constrained\" style=\"padding-right:80px\">\n<p>C\u00f9ng v\u1edbi s\u1ef1 ph\u00e1t tri\u1ec3n c\u1ee7a c\u01a1 s\u1edf s\u1ea3n xu\u1ea5t, ch\u00fang t\u00f4i c\u0169ng m\u1edf r\u1ed9ng v\u0103n ph\u00f2ng m\u1edbi di\u1ec7n t\u00edch 80m\u00b2 t\u1ea1i <strong>\u0110\u01b0\u1eddng V\u01b0\u1eddn Cam, Ph\u00fa \u0110\u00f4, Nam T\u1eeb Li\u00eam, H\u00e0 N\u1ed9i<\/strong>, v\u1edbi m\u1ee5c ti\u00eau x\u00e2y d\u1ef1ng \u0111\u1ed9i ng\u0169 t\u01b0 v\u1ea5n v\u00e0 ch\u0103m s\u00f3c kh\u00e1ch h\u00e0ng chuy\u00ean nghi\u1ec7p. Ch\u00fang t\u00f4i cam k\u1ebft lu\u00f4n mang \u0111\u1ebfn nh\u1eefng gi\u1ea3i ph\u00e1p t\u1ed1i \u01b0u v\u00e0 d\u1ecbch v\u1ee5 t\u1eadn t\u00e2m, g\u00f3p ph\u1ea7n t\u1ea1o ra s\u1ef1 h\u00e0i l\u00f2ng cho kh\u00e1ch h\u00e0ng v\u00e0 \u0111\u1ed1i t\u00e1c.<\/p>\n<\/div>\n<\/div><figure class=\"wp-block-media-text__media\"><img decoding=\"async\" width=\"1024\" height=\"769\" src=\"https:\/\/phuvinhautovn.com\/wp-content\/uploads\/2025\/07\/487050613_2487541331587518_4943002763569289346_n-1024x769.jpg\" alt=\"\" class=\"wp-image-58 size-full\" srcset=\"https:\/\/phuvinhautovn.com\/wp-content\/uploads\/2025\/07\/487050613_2487541331587518_4943002763569289346_n-1024x769.jpg 1024w, https:\/\/phuvinhautovn.com\/wp-content\/uploads\/2025\/07\/487050613_2487541331587518_4943002763569289346_n-300x225.jpg 300w, https:\/\/phuvinhautovn.com\/wp-content\/uploads\/2025\/07\/487050613_2487541331587518_4943002763569289346_n-768x576.jpg 768w, https:\/\/phuvinhautovn.com\/wp-content\/uploads\/2025\/07\/487050613_2487541331587518_4943002763569289346_n-1536x1153.jpg 1536w, https:\/\/phuvinhautovn.com\/wp-content\/uploads\/2025\/07\/487050613_2487541331587518_4943002763569289346_n.jpg 2048w\" sizes=\"(max-width: 1024px) 100vw, 1024px\" \/><\/figure><\/div>\n<\/div>\n\n\n\n<div class=\"wp-block-group alignfull has-ast-global-color-4-background-color has-background is-layout-constrained wp-container-core-group-is-layout-6a2cfb7b wp-block-group-is-layout-constrained\" id=\"reviews\">\n<div class=\"wp-block-group is-layout-constrained wp-block-group-is-layout-constrained\">\n<div class=\"wp-block-group is-layout-constrained wp-block-group-is-layout-constrained\">\n<figure class=\"wp-block-gallery has-nested-images columns-default is-cropped wp-block-gallery-1 is-layout-flex wp-block-gallery-is-layout-flex\">\n<figure class=\"wp-block-image size-large\"><img loading=\"lazy\" decoding=\"async\" width=\"1024\" height=\"712\" data-id=\"72\" src=\"https:\/\/phuvinhautovn.com\/wp-content\/uploads\/2025\/07\/234-1024x712.png\" alt=\"\" class=\"wp-image-72\" srcset=\"https:\/\/phuvinhautovn.com\/wp-content\/uploads\/2025\/07\/234-1024x712.png 1024w, https:\/\/phuvinhautovn.com\/wp-content\/uploads\/2025\/07\/234-300x209.png 300w, https:\/\/phuvinhautovn.com\/wp-content\/uploads\/2025\/07\/234-768x534.png 768w, https:\/\/phuvinhautovn.com\/wp-content\/uploads\/2025\/07\/234.png 1308w\" sizes=\"(max-width: 1024px) 100vw, 1024px\" \/><\/figure>\n\n\n\n<figure class=\"wp-block-image size-large\"><img loading=\"lazy\" decoding=\"async\" width=\"1024\" height=\"772\" data-id=\"73\" src=\"https:\/\/phuvinhautovn.com\/wp-content\/uploads\/2025\/07\/feedback-bat-4_7-1024x772.png\" alt=\"\" class=\"wp-image-73\" srcset=\"https:\/\/phuvinhautovn.com\/wp-content\/uploads\/2025\/07\/feedback-bat-4_7-1024x772.png 1024w, https:\/\/phuvinhautovn.com\/wp-content\/uploads\/2025\/07\/feedback-bat-4_7-300x226.png 300w, https:\/\/phuvinhautovn.com\/wp-content\/uploads\/2025\/07\/feedback-bat-4_7-768x579.png 768w, https:\/\/phuvinhautovn.com\/wp-content\/uploads\/2025\/07\/feedback-bat-4_7-1536x1157.png 1536w, https:\/\/phuvinhautovn.com\/wp-content\/uploads\/2025\/07\/feedback-bat-4_7.png 1870w\" sizes=\"(max-width: 1024px) 100vw, 1024px\" \/><\/figure>\n<\/figure>\n<\/div>\n<\/div>\n\n\n\n<p class=\"has-text-align-center\" style=\"font-size:22px;line-height:1.6\">&#8220;S\u1ef1 h\u00e0i l\u00f2ng c\u1ee7a b\u1ea1n \u2013 M\u1ee5c ti\u00eau, s\u1ee9 m\u1ec7nh, v\u00e0 th\u00e0nh c\u00f4ng c\u1ee7a ch\u00fang t\u00f4i.&#8221;<\/p>\n\n\n\n<p class=\"has-text-align-center\">&#8211; <strong>Ph\u00fa Vinh Auto<\/strong> &#8211;<\/p>\n<\/div>\n\n\n\n<div class=\"wp-block-group alignfull is-layout-constrained wp-container-core-group-is-layout-3fee123f wp-block-group-is-layout-constrained\" id=\"whyus\" style=\"padding-top:144px;padding-bottom:144px\">\n<h2 class=\"wp-block-heading\">T\u1ea1i sao n\u00ean ch\u1ecdn ch\u00fang t\u00f4i<\/h2>\n\n\n\n<div class=\"wp-block-columns is-layout-flex wp-container-core-columns-is-layout-29aadeec wp-block-columns-is-layout-flex\" style=\"margin-top:60px\">\n<div class=\"wp-block-column is-layout-flow wp-container-core-column-is-layout-6b73ce23 wp-block-column-is-layout-flow\">\n<figure class=\"wp-block-image size-large\"><img decoding=\"async\" src=\"https:\/\/phuvinhautovn.com\/wp-content\/themes\/astra\/inc\/assets\/images\/starter-content\/passionate.svg\" alt=\"\" class=\"wp-image-162\"\/><\/figure>\n\n\n\n<h3 class=\"wp-block-heading\" style=\"margin-top:16px\">S\u1ef1 t\u1eadn t\u00e2m<\/h3>\n\n\n\n<p>V\u1edbi \u0111\u1ed9i ng\u0169 t\u01b0 v\u1ea5n nhi\u1ec7t t\u00ecnh, m\u1ecdi th\u1eafc m\u1eafc v\u1ec1 s\u1ea3n ph\u1ea9m s\u1ebd \u0111\u01b0\u1ee3c ch\u00fang t\u00f4i gi\u1ea3i \u0111\u00e1p nhanh ch\u00f3ng ngay sau khi nh\u1eadn \u0111\u01b0\u1ee3c ph\u1ea3n h\u1ed3i t\u1eeb kh\u00e1ch h\u00e0ng<\/p>\n<\/div>\n\n\n\n<div class=\"wp-block-column is-layout-flow wp-container-core-column-is-layout-6b73ce23 wp-block-column-is-layout-flow\">\n<figure class=\"wp-block-image size-large\"><img decoding=\"async\" src=\"https:\/\/phuvinhautovn.com\/wp-content\/themes\/astra\/inc\/assets\/images\/starter-content\/professional.svg\" alt=\"\" class=\"wp-image-163\"\/><\/figure>\n\n\n\n<h3 class=\"wp-block-heading\" style=\"margin-top:16px\">Uy t\u00edn, ch\u1ea5t l\u01b0\u1ee3ng<\/h3>\n\n\n\n<p>M\u1ecdi s\u1ea3n ph\u1ea9m c\u1ee7a ch\u00fang t\u00f4i lu\u00f4n cam k\u1ebft ch\u1ea5t l\u01b0\u1ee3ng t\u1ed1t nh\u1ea5t, ch\u00ednh s\u00e1ch b\u1ea3o h\u00e0nh \u0111\u1ed5i tr\u1ea3 r\u00f5 r\u00e0ng. Uy t\u00edn t\u1ea1o n\u00ean ch\u00fang t\u00f4i c\u1ee7a h\u00f4m nay.<\/p>\n<\/div>\n\n\n\n<div class=\"wp-block-column is-layout-flow wp-container-core-column-is-layout-6b73ce23 wp-block-column-is-layout-flow\">\n<figure class=\"wp-block-image size-large\"><img decoding=\"async\" src=\"https:\/\/phuvinhautovn.com\/wp-content\/themes\/astra\/inc\/assets\/images\/starter-content\/support.svg\" alt=\"\" class=\"wp-image-164\"\/><\/figure>\n\n\n\n<h3 class=\"wp-block-heading\" style=\"margin-top:16px\">H\u1ed7 tr\u1ee3 sau mua<\/h3>\n\n\n\n<p>V\u1ea5n \u0111\u1ec1 li\u00ean quan \u0111\u1ebfn s\u1eed d\u1ee5ng, b\u1ea3o h\u00e0nh s\u1ebd \u0111\u01b0\u1ee3c \u0111\u1ed9i ng\u0169 chuy\u00ean vi\u00ean c\u1ee7a ch\u00fang t\u00f4i gi\u1ea3i quy\u1ebft nhanh ch\u00f3ng v\u00e0 hi\u1ec7u qu\u1ea3. <\/p>\n<\/div>\n<\/div>\n<\/div>\n\n\n\n<div class=\"wp-block-group alignfull has-background is-layout-constrained wp-container-core-group-is-layout-cfcca693 wp-block-group-is-layout-constrained\" id=\"contact\" style=\"background:linear-gradient(35deg,rgb(6,0,151) 0%,rgb(130,4,255) 64%,rgb(193,15,255) 98%);padding-top:104px;padding-bottom:104px\">\n<h2 class=\"wp-block-heading has-text-align-center has-text-color\" style=\"color:#ffffff\">Li\u00ean h\u1ec7 \u0111\u1eb7t h\u00e0ng ho\u1eb7c t\u01b0 v\u1ea5n ngay h\u00f4m nay!<\/h2>\n\n\n\n<div class=\"wp-block-buttons alignwide is-horizontal is-content-justification-center is-layout-flex wp-container-core-buttons-is-layout-bba8380a wp-block-buttons-is-layout-flex\" style=\"margin-top:50px\">\n<div class=\"wp-block-button\"><a class=\"wp-block-button__link wp-element-button\">Hotline: 082.7997.333<\/a><\/div>\n<\/div>\n<\/div>\n\n\n\n<p><\/p>\n\n\n\n<p>TH\u00d4NG TIN DOANH NGHI\u1ec6P<\/p>\n\n\n\n<ul class=\"wp-block-list\">\n<li>T\u00ean c\u00f4ng ty: PHU VINH AUTO VN COMPANY LIMITED<\/li>\n\n\n\n<li>M\u00e3 s\u1ed1 doanh nghi\u1ec7p: 2700979592<\/li>\n\n\n\n<li>S\u1ed1 \u0111i\u1ec7n tho\u1ea1i: 0825738135<\/li>\n\n\n\n<li>Website: <a href=\"https:\/\/phuvinhautovn.com\/\">https:\/\/phuvinhautovn.com\/<\/a><\/li>\n\n\n\n<li>\u0110\u1ecba ch\u1ec9: s\u1ed1 2, ng\u00e1ch 50\/255 \u0111\u01b0\u1eddng Th\u01b0 \u0110i\u1ec1n, Th\u00f4n \u00cdch Du\u1ec7, x\u00e3 Ninh Nh\u1ea5t, Th\u00e0nh ph\u1ed1 Hoa L\u01b0, t\u1ec9nh Ninh B\u00ecnh, Vi\u1ec7t Nam<\/li>\n<\/ul>\n\n\n\n<p><\/p>\n","protected":false},"excerpt":{"rendered":"<p>Quy m\u00f4 l\u1edbn Doanh nghi\u1ec7p c\u00f3 \u0111\u1ea7y \u0111\u1ee7 gi\u1ea5y t\u1edd \u0111\u0103ng k\u00fd ph\u00e1p l\u00fd B\u00e1n h\u00e0ng online B\u00e1n h\u00e0ng online, [&hellip;]<\/p>\n","protected":false},"author":1,"featured_media":0,"parent":0,"menu_order":0,"comment_status":"closed","ping_status":"closed","template":"","meta":{"site-sidebar-layout":"no-sidebar","site-content-layout":"plain-container","ast-site-content-layout":"default","site-content-style":"default","site-sidebar-style":"default","ast-global-header-display":"","ast-banner-title-visibility":"","ast-main-header-display":"","ast-hfb-above-header-display":"","ast-hfb-below-header-display":"","ast-hfb-mobile-header-display":"","site-post-title":"disabled","ast-breadcrumbs-content":"","ast-featured-img":"","footer-sml-layout":"","theme-transparent-header-meta":"enabled","adv-header-id-meta":"","stick-header-meta":"","header-above-stick-meta":"","header-main-stick-meta":"","header-below-stick-meta":"","astra-migrate-meta-layouts":"default","ast-page-background-enabled":"default","ast-page-background-meta":{"desktop":{"background-color":"var(--ast-global-color-5)","background-image":"","background-repeat":"repeat","background-position":"center center","background-size":"auto","background-attachment":"scroll","background-type":"","background-media":"","overlay-type":"","overlay-color":"","overlay-opacity":"","overlay-gradient":""},"tablet":{"background-color":"","background-image":"","background-repeat":"repeat","background-position":"center center","background-size":"auto","background-attachment":"scroll","background-type":"","background-media":"","overlay-type":"","overlay-color":"","overlay-opacity":"","overlay-gradient":""},"mobile":{"background-color":"","background-image":"","background-repeat":"repeat","background-position":"center center","background-size":"auto","background-attachment":"scroll","background-type":"","background-media":"","overlay-type":"","overlay-color":"","overlay-opacity":"","overlay-gradient":""}},"ast-content-background-meta":{"desktop":{"background-color":"var(--ast-global-color-4)","background-image":"","background-repeat":"repeat","background-position":"center center","background-size":"auto","background-attachment":"scroll","background-type":"","background-media":"","overlay-type":"","overlay-color":"","overlay-opacity":"","overlay-gradient":""},"tablet":{"background-color":"var(--ast-global-color-4)","background-image":"","background-repeat":"repeat","background-position":"center center","background-size":"auto","background-attachment":"scroll","background-type":"","background-media":"","overlay-type":"","overlay-color":"","overlay-opacity":"","overlay-gradient":""},"mobile":{"background-color":"var(--ast-global-color-4)","background-image":"","background-repeat":"repeat","background-position":"center center","background-size":"auto","background-attachment":"scroll","background-type":"","background-media":"","overlay-type":"","overlay-color":"","overlay-opacity":"","overlay-gradient":""}},"footnotes":""},"class_list":["post-17","page","type-page","status-publish","hentry"],"_links":{"self":[{"href":"https:\/\/phuvinhautovn.com\/index.php?rest_route=\/wp\/v2\/pages\/17","targetHints":{"allow":["GET"]}}],"collection":[{"href":"https:\/\/phuvinhautovn.com\/index.php?rest_route=\/wp\/v2\/pages"}],"about":[{"href":"https:\/\/phuvinhautovn.com\/index.php?rest_route=\/wp\/v2\/types\/page"}],"author":[{"embeddable":true,"href":"https:\/\/phuvinhautovn.com\/index.php?rest_route=\/wp\/v2\/users\/1"}],"replies":[{"embeddable":true,"href":"https:\/\/phuvinhautovn.com\/index.php?rest_route=%2Fwp%2Fv2%2Fcomments&post=17"}],"version-history":[{"count":17,"href":"https:\/\/phuvinhautovn.com\/index.php?rest_route=\/wp\/v2\/pages\/17\/revisions"}],"predecessor-version":[{"id":87,"href":"https:\/\/phuvinhautovn.com\/index.php?rest_route=\/wp\/v2\/pages\/17\/revisions\/87"}],"wp:attachment":[{"href":"https:\/\/phuvinhautovn.com\/index.php?rest_route=%2Fwp%2Fv2%2Fmedia&parent=17"}],"curies":[{"name":"wp","href":"https:\/\/api.w.org\/{rel}","templated":true}]}}